{"id":80,"date":"2022-10-23T11:27:43","date_gmt":"2022-10-23T11:27:43","guid":{"rendered":"https:\/\/thorax.co.rs\/?page_id=80"},"modified":"2022-10-23T11:27:44","modified_gmt":"2022-10-23T11:27:44","slug":"usluge","status":"publish","type":"page","link":"https:\/\/thorax.co.rs\/index.php\/usluge\/","title":{"rendered":"Usluge"},"content":{"rendered":"\n<h2 class=\"wp-block-heading\">Dijagnostika svih pulmolo\u0161kih bolesti<\/h2>\n\n\n\n<h2 class=\"wp-block-heading\">Rendgen<\/h2>\n\n\n\n<h2 class=\"wp-block-heading\">Spirometrija<\/h2>\n\n\n\n<h2 class=\"wp-block-heading\">Alergolo\u0161ka testiranja<\/h2>\n\n\n\n<h2 class=\"wp-block-heading\">Preoperativna procena plu\u0107ne funkcije<\/h2>\n\n\n\n<h2 class=\"wp-block-heading\">Terapijski pristup svim pulmolo\u0161kim oboljenjima<\/h2>\n","protected":false},"excerpt":{"rendered":"<p>Dijagnostika svih pulmolo\u0161kih bolesti Rendgen Spirometrija Alergolo\u0161ka testiranja Preoperativna procena plu\u0107ne funkcije Terapijski pristup svim pulmolo\u0161kim oboljenjima<\/p>\n","protected":false},"author":1,"featured_media":0,"parent":0,"menu_order":0,"comment_status":"closed","ping_status":"closed","template":"","meta":{"footnotes":""},"class_list":["post-80","page","type-page","status-publish"],"_links":{"self":[{"href":"https:\/\/thorax.co.rs\/index.php\/wp-json\/wp\/v2\/pages\/80","targetHints":{"allow":["GET"]}}],"collection":[{"href":"https:\/\/thorax.co.rs\/index.php\/wp-json\/wp\/v2\/pages"}],"about":[{"href":"https:\/\/thorax.co.rs\/index.php\/wp-json\/wp\/v2\/types\/page"}],"author":[{"embeddable":true,"href":"https:\/\/thorax.co.rs\/index.php\/wp-json\/wp\/v2\/users\/1"}],"replies":[{"embeddable":true,"href":"https:\/\/thorax.co.rs\/index.php\/wp-json\/wp\/v2\/comments?post=80"}],"version-history":[{"count":1,"href":"https:\/\/thorax.co.rs\/index.php\/wp-json\/wp\/v2\/pages\/80\/revisions"}],"predecessor-version":[{"id":81,"href":"https:\/\/thorax.co.rs\/index.php\/wp-json\/wp\/v2\/pages\/80\/revisions\/81"}],"wp:attachment":[{"href":"https:\/\/thorax.co.rs\/index.php\/wp-json\/wp\/v2\/media?parent=80"}],"curies":[{"name":"wp","href":"https:\/\/api.w.org\/{rel}","templated":true}]}}