{"id":52,"date":"2022-10-23T10:07:55","date_gmt":"2022-10-23T10:07:55","guid":{"rendered":"https:\/\/thorax.co.rs\/?page_id=52"},"modified":"2022-10-23T11:03:55","modified_gmt":"2022-10-23T11:03:55","slug":"gde-se-nalazimo","status":"publish","type":"page","link":"https:\/\/thorax.co.rs\/index.php\/gde-se-nalazimo\/","title":{"rendered":"Gde se nalazimo"},"content":{"rendered":"\n<figure class=\"wp-block-image size-large\"><img loading=\"lazy\" decoding=\"async\" width=\"1024\" height=\"576\" src=\"https:\/\/thorax.co.rs\/wp-content\/uploads\/2022\/10\/thorax_ordinacija02-1024x576.jpg\" alt=\"\" class=\"wp-image-53\" srcset=\"https:\/\/thorax.co.rs\/wp-content\/uploads\/2022\/10\/thorax_ordinacija02-1024x576.jpg 1024w, https:\/\/thorax.co.rs\/wp-content\/uploads\/2022\/10\/thorax_ordinacija02-300x169.jpg 300w, https:\/\/thorax.co.rs\/wp-content\/uploads\/2022\/10\/thorax_ordinacija02-768x432.jpg 768w, https:\/\/thorax.co.rs\/wp-content\/uploads\/2022\/10\/thorax_ordinacija02.jpg 1280w\" sizes=\"auto, (max-width: 1024px) 100vw, 1024px\" \/><figcaption>THORAX, Vidovdanska 325, Kru\u0161evac<\/figcaption><\/figure>\n\n\n\n<div class=\"wp-block-columns is-layout-flex wp-container-core-columns-is-layout-9d6595d7 wp-block-columns-is-layout-flex\">\n<div class=\"wp-block-column is-layout-flow wp-block-column-is-layout-flow\">\n<h2 class=\"wp-block-heading\">Osnovni podaci<\/h2>\n\n\n\n<p class=\"has-medium-font-size\"><strong>THORAX<\/strong><br>Specijalisti\u010dko pulmolo\u0161ka ordinacija<br>Vidovdanska 325<br>Kru\u0161evac<br>Srbija<br><br>066 6 401 500<br>037 401 500<\/p>\n<\/div>\n\n\n\n<div class=\"wp-block-column is-layout-flow wp-block-column-is-layout-flow\">\n<h2 class=\"wp-block-heading\">Na\u0161 tim<\/h2>\n\n\n\n<p class=\"has-medium-font-size\"><strong>Dr. Sne\u017eana Zdravkovi\u0107<\/strong>, pneumoftiziolog<br><br><strong>Dr. Marina Kari\u0107 Vuki\u0107evi\u0107<\/strong>,<br>internista alergolog,<br>Univerzitetski klini\u010dki centar Kragujevac &#8211; konsultant<br><br><strong>Dr. Tamara Ili\u0107<\/strong>, op\u0161ta praksa<br><br><strong>Milica Miladinovi\u0107<\/strong>, medicinska sestra<br><strong>Katarina Gruji\u0107<\/strong>, medicinska sestra<\/p>\n\n\n\n<p><\/p>\n<\/div>\n<\/div>\n","protected":false},"excerpt":{"rendered":"<p>Osnovni podaci THORAXSpecijalisti\u010dko pulmolo\u0161ka ordinacijaVidovdanska 325Kru\u0161evacSrbija 066 6 401 500037 401 500 Na\u0161 tim Dr. Sne\u017eana Zdravkovi\u0107, pneumoftiziolog Dr. Marina Kari\u0107 Vuki\u0107evi\u0107,internista alergolog,Univerzitetski klini\u010dki centar Kragujevac &#8211; konsultant Dr. Tamara Ili\u0107, op\u0161ta praksa Milica Miladinovi\u0107, medicinska sestraKatarina Gruji\u0107, medicinska sestra<\/p>\n","protected":false},"author":1,"featured_media":0,"parent":0,"menu_order":0,"comment_status":"closed","ping_status":"closed","template":"","meta":{"footnotes":""},"class_list":["post-52","page","type-page","status-publish"],"_links":{"self":[{"href":"https:\/\/thorax.co.rs\/index.php\/wp-json\/wp\/v2\/pages\/52","targetHints":{"allow":["GET"]}}],"collection":[{"href":"https:\/\/thorax.co.rs\/index.php\/wp-json\/wp\/v2\/pages"}],"about":[{"href":"https:\/\/thorax.co.rs\/index.php\/wp-json\/wp\/v2\/types\/page"}],"author":[{"embeddable":true,"href":"https:\/\/thorax.co.rs\/index.php\/wp-json\/wp\/v2\/users\/1"}],"replies":[{"embeddable":true,"href":"https:\/\/thorax.co.rs\/index.php\/wp-json\/wp\/v2\/comments?post=52"}],"version-history":[{"count":6,"href":"https:\/\/thorax.co.rs\/index.php\/wp-json\/wp\/v2\/pages\/52\/revisions"}],"predecessor-version":[{"id":66,"href":"https:\/\/thorax.co.rs\/index.php\/wp-json\/wp\/v2\/pages\/52\/revisions\/66"}],"wp:attachment":[{"href":"https:\/\/thorax.co.rs\/index.php\/wp-json\/wp\/v2\/media?parent=52"}],"curies":[{"name":"wp","href":"https:\/\/api.w.org\/{rel}","templated":true}]}}