{"id":14,"date":"2022-10-22T21:26:14","date_gmt":"2022-10-22T21:26:14","guid":{"rendered":"https:\/\/thorax.co.rs\/?page_id=14"},"modified":"2022-10-23T11:49:01","modified_gmt":"2022-10-23T11:49:01","slug":"5-godina-sa-nama-disete-punim-plucima","status":"publish","type":"page","link":"https:\/\/thorax.co.rs\/","title":{"rendered":"Po\u010detna"},"content":{"rendered":"<div class=\"wp-block-image\">\n<figure class=\"alignleft size-full is-resized\"><img loading=\"lazy\" decoding=\"async\" src=\"https:\/\/thorax.co.rs\/wp-content\/uploads\/2022\/10\/Zastavica-5godina.jpg\" alt=\"\" class=\"wp-image-19\" width=\"185\" height=\"275\" srcset=\"https:\/\/thorax.co.rs\/wp-content\/uploads\/2022\/10\/Zastavica-5godina.jpg 370w, https:\/\/thorax.co.rs\/wp-content\/uploads\/2022\/10\/Zastavica-5godina-202x300.jpg 202w\" sizes=\"auto, (max-width: 185px) 100vw, 185px\" \/><\/figure>\n<\/div>\n\n\n<h2 class=\"wp-block-heading\">5 godina sa nama di\u0161ete punim plu\u0107ima<\/h2>\n\n\n\n<p class=\"has-medium-font-size\">Specijalisti\u010dko pulmolo\u0161ka ordinacija THORAX ve\u0107 pet godina sa vama u mo\u017eda najte\u017eem periodu koji nas je zadesio nekoliko godina unazad. Va\u0161a plu\u0107a su &#8222;unutra\u0161nji dodir sa svetom&#8220; tako da je njihovo stanje od presudnog zna\u010daja za zdrav \u017eivot.<\/p>\n\n\n\n<p class=\"has-medium-font-size\">Bili smo tu i bi\u0107emo dalje da vas le\u010dimo i da vas savetujemo za sve va\u0161e probleme i bolesti plu\u0107a i disajnih organa.<\/p>\n\n\n\n<p><\/p>\n\n\n\n<hr class=\"wp-block-separator has-alpha-channel-opacity\"\/>\n\n\n\n<div class=\"wp-block-columns is-layout-flex wp-container-core-columns-is-layout-9d6595d7 wp-block-columns-is-layout-flex\">\n<div class=\"wp-block-column is-layout-flow wp-block-column-is-layout-flow\">\n<h2 class=\"wp-block-heading\">Dijagnostika svih pulmolo\u0161kih bolesti<\/h2>\n<\/div>\n\n\n\n<div class=\"wp-block-column is-layout-flow wp-block-column-is-layout-flow\">\n<h2 class=\"wp-block-heading\">Rendgen<\/h2>\n<\/div>\n\n\n\n<div class=\"wp-block-column is-layout-flow wp-block-column-is-layout-flow\">\n<h2 class=\"wp-block-heading\">Spirometrija<\/h2>\n<\/div>\n<\/div>\n\n\n\n<div class=\"wp-block-columns is-layout-flex wp-container-core-columns-is-layout-9d6595d7 wp-block-columns-is-layout-flex\">\n<div class=\"wp-block-column is-layout-flow wp-block-column-is-layout-flow\">\n<h2 class=\"wp-block-heading\">Alergolo\u0161ka testiranja<\/h2>\n<\/div>\n\n\n\n<div class=\"wp-block-column is-layout-flow wp-block-column-is-layout-flow\">\n<h2 class=\"wp-block-heading\">Preoperativna procena plu\u0107ne funkcije<\/h2>\n<\/div>\n\n\n\n<div class=\"wp-block-column is-layout-flow wp-block-column-is-layout-flow\">\n<h2 class=\"wp-block-heading\">Terapijski pristup svim pulmolo\u0161kim oboljenjima<\/h2>\n<\/div>\n<\/div>\n","protected":false},"excerpt":{"rendered":"<p>5 godina sa nama di\u0161ete punim plu\u0107ima Specijalisti\u010dko pulmolo\u0161ka ordinacija THORAX ve\u0107 pet godina sa vama u mo\u017eda najte\u017eem periodu koji nas je zadesio nekoliko godina unazad. Va\u0161a plu\u0107a su &#8222;unutra\u0161nji dodir sa svetom&#8220; tako da je njihovo stanje od presudnog zna\u010daja za zdrav \u017eivot. Bili smo tu i bi\u0107emo dalje da vas le\u010dimo i &#8230; <a title=\"Po\u010detna\" class=\"read-more\" href=\"https:\/\/thorax.co.rs\/\" aria-label=\"Read more about Po\u010detna\">Read more<\/a><\/p>\n","protected":false},"author":1,"featured_media":0,"parent":0,"menu_order":0,"comment_status":"closed","ping_status":"closed","template":"","meta":{"footnotes":""},"class_list":["post-14","page","type-page","status-publish"],"_links":{"self":[{"href":"https:\/\/thorax.co.rs\/index.php\/wp-json\/wp\/v2\/pages\/14","targetHints":{"allow":["GET"]}}],"collection":[{"href":"https:\/\/thorax.co.rs\/index.php\/wp-json\/wp\/v2\/pages"}],"about":[{"href":"https:\/\/thorax.co.rs\/index.php\/wp-json\/wp\/v2\/types\/page"}],"author":[{"embeddable":true,"href":"https:\/\/thorax.co.rs\/index.php\/wp-json\/wp\/v2\/users\/1"}],"replies":[{"embeddable":true,"href":"https:\/\/thorax.co.rs\/index.php\/wp-json\/wp\/v2\/comments?post=14"}],"version-history":[{"count":12,"href":"https:\/\/thorax.co.rs\/index.php\/wp-json\/wp\/v2\/pages\/14\/revisions"}],"predecessor-version":[{"id":85,"href":"https:\/\/thorax.co.rs\/index.php\/wp-json\/wp\/v2\/pages\/14\/revisions\/85"}],"wp:attachment":[{"href":"https:\/\/thorax.co.rs\/index.php\/wp-json\/wp\/v2\/media?parent=14"}],"curies":[{"name":"wp","href":"https:\/\/api.w.org\/{rel}","templated":true}]}}